{"id":8,"date":"2023-01-11T09:45:32","date_gmt":"2023-01-11T08:45:32","guid":{"rendered":"http:\/\/www.borgoleterrazze.com\/?page_id=8"},"modified":"2025-10-30T19:56:11","modified_gmt":"2025-10-30T18:56:11","slug":"homepage","status":"publish","type":"page","link":"https:\/\/www.borgoleterrazze.com\/it","title":{"rendered":"Homepage"},"content":{"rendered":"\n<p class=\"has-text-align-center\"><strong>Tutto Vista Lago. Nessun compromesso.<\/strong> Ogni spazio, dentro e fuori, \u00e8 pensato per farti vivere il Lago di Como in ogni istante. <strong>Perch\u00e9 qui, la vista non \u00e8 un privilegio, \u00e8 l\u2019anima dell\u2019esperienza<\/strong>. Sospeso tra cielo e lago, <strong>a soli cinque minuti di navetta da Bellagio, <\/strong>la &#8220;Perla del Lago di Como&#8221;, in una serena oasi verde, Borgo Le Terrazze \u00e8 il rifugio perfetto per vivere il Lago di Como in tutto il suo splendore, lontano dalla folla.<\/p>\n\n\n\n<p><\/p>\n","protected":false},"excerpt":{"rendered":"<p>Tutto Vista Lago. Nessun compromesso. Ogni spazio, dentro e fuori, \u00e8 pensato per farti vivere il Lago di Como in ogni istante. Perch\u00e9 qui, la vista non \u00e8 un privilegio, \u00e8 l\u2019anima dell\u2019esperienza. Sospeso tra cielo e lago, a soli cinque minuti di navetta da Bellagio, la &#8220;Perla del Lago di Como&#8221;, in una serena &hellip;<\/p>\n","protected":false},"author":1,"featured_media":0,"parent":0,"menu_order":0,"comment_status":"closed","ping_status":"closed","template":"page-templates\/homepage.php","meta":{"_acf_changed":false,"inline_featured_image":false,"footnotes":""},"class_list":["post-8","page","type-page","status-publish","hentry"],"acf":[],"yoast_head":"<!-- This site is optimized with the Yoast SEO plugin v27.0 - https:\/\/yoast.com\/product\/yoast-seo-wordpress\/ -->\n<title>Borgo Le Terrazze | What does it mean to be all Lake view?<\/title>\n<meta name=\"description\" content=\"Nel nostro B&amp;B &quot;Hotel Borgo Le Terrazze&quot; ciascuna camera e appartamento ha la vista sul lago di Como. La piscina a sfioro, il garage, il parcheggio..\" \/>\n<meta name=\"robots\" content=\"index, follow, max-snippet:-1, max-image-preview:large, max-video-preview:-1\" \/>\n<link rel=\"canonical\" href=\"https:\/\/www.borgoleterrazze.com\/it\" \/>\n<meta property=\"og:locale\" content=\"it_IT\" \/>\n<meta property=\"og:type\" content=\"article\" \/>\n<meta property=\"og:title\" content=\"Borgo Le Terrazze | What does it mean to be all Lake view?\" \/>\n<meta property=\"og:description\" content=\"Nel nostro B&amp;B &quot;Hotel Borgo Le Terrazze&quot; ciascuna camera e appartamento ha la vista sul lago di Como. La piscina a sfioro, il garage, il parcheggio..\" \/>\n<meta property=\"og:url\" content=\"https:\/\/www.borgoleterrazze.com\/it\" \/>\n<meta property=\"og:site_name\" content=\"Borgo Le Terrazze\" \/>\n<meta property=\"article:modified_time\" content=\"2025-10-30T18:56:11+00:00\" \/>\n<meta name=\"twitter:card\" content=\"summary_large_image\" \/>\n<meta name=\"twitter:label1\" content=\"Tempo di lettura stimato\" \/>\n\t<meta name=\"twitter:data1\" content=\"1 minuto\" \/>\n<script type=\"application\/ld+json\" class=\"yoast-schema-graph\">{\"@context\":\"https:\/\/schema.org\",\"@graph\":[{\"@type\":\"WebPage\",\"@id\":\"https:\/\/www.borgoleterrazze.com\/it\",\"url\":\"https:\/\/www.borgoleterrazze.com\/it\",\"name\":\"Borgo Le Terrazze | What does it mean to be all Lake view?\",\"isPartOf\":{\"@id\":\"https:\/\/www.borgoleterrazze.com\/it#website\"},\"datePublished\":\"2023-01-11T08:45:32+00:00\",\"dateModified\":\"2025-10-30T18:56:11+00:00\",\"description\":\"Nel nostro B&B \\\"Hotel Borgo Le Terrazze\\\" ciascuna camera e appartamento ha la vista sul lago di Como. La piscina a sfioro, il garage, il parcheggio..\",\"breadcrumb\":{\"@id\":\"https:\/\/www.borgoleterrazze.com\/it#breadcrumb\"},\"inLanguage\":\"it-IT\",\"potentialAction\":[{\"@type\":\"ReadAction\",\"target\":[\"https:\/\/www.borgoleterrazze.com\/it\"]}]},{\"@type\":\"BreadcrumbList\",\"@id\":\"https:\/\/www.borgoleterrazze.com\/it#breadcrumb\",\"itemListElement\":[{\"@type\":\"ListItem\",\"position\":1,\"name\":\"Home\",\"item\":\"https:\/\/www.borgoleterrazze.com\/it\"},{\"@type\":\"ListItem\",\"position\":2,\"name\":\"Homepage\"}]},{\"@type\":\"WebSite\",\"@id\":\"https:\/\/www.borgoleterrazze.com\/it#website\",\"url\":\"https:\/\/www.borgoleterrazze.com\/it\",\"name\":\"Borgo Le Terrazze\",\"description\":\"\",\"publisher\":{\"@id\":\"https:\/\/www.borgoleterrazze.com\/it#organization\"},\"potentialAction\":[{\"@type\":\"SearchAction\",\"target\":{\"@type\":\"EntryPoint\",\"urlTemplate\":\"https:\/\/www.borgoleterrazze.com\/it?s={search_term_string}\"},\"query-input\":{\"@type\":\"PropertyValueSpecification\",\"valueRequired\":true,\"valueName\":\"search_term_string\"}}],\"inLanguage\":\"it-IT\"},{\"@type\":\"Organization\",\"@id\":\"https:\/\/www.borgoleterrazze.com\/it#organization\",\"name\":\"Borgo Le Terrazze\",\"url\":\"https:\/\/www.borgoleterrazze.com\/it\",\"logo\":{\"@type\":\"ImageObject\",\"inLanguage\":\"it-IT\",\"@id\":\"https:\/\/www.borgoleterrazze.com\/it#\/schema\/logo\/image\/\",\"url\":\"http:\/\/www.borgoleterrazze.com\/wp-content\/uploads\/2023\/01\/logo.png\",\"contentUrl\":\"http:\/\/www.borgoleterrazze.com\/wp-content\/uploads\/2023\/01\/logo.png\",\"width\":351,\"height\":54,\"caption\":\"Borgo Le Terrazze\"},\"image\":{\"@id\":\"https:\/\/www.borgoleterrazze.com\/it#\/schema\/logo\/image\/\"}}]}<\/script>\n<!-- \/ Yoast SEO plugin. -->","yoast_head_json":{"title":"Borgo Le Terrazze | What does it mean to be all Lake view?","description":"Nel nostro B&B \"Hotel Borgo Le Terrazze\" ciascuna camera e appartamento ha la vista sul lago di Como. La piscina a sfioro, il garage, il parcheggio..","robots":{"index":"index","follow":"follow","max-snippet":"max-snippet:-1","max-image-preview":"max-image-preview:large","max-video-preview":"max-video-preview:-1"},"canonical":"https:\/\/www.borgoleterrazze.com\/it","og_locale":"it_IT","og_type":"article","og_title":"Borgo Le Terrazze | What does it mean to be all Lake view?","og_description":"Nel nostro B&B \"Hotel Borgo Le Terrazze\" ciascuna camera e appartamento ha la vista sul lago di Como. La piscina a sfioro, il garage, il parcheggio..","og_url":"https:\/\/www.borgoleterrazze.com\/it","og_site_name":"Borgo Le Terrazze","article_modified_time":"2025-10-30T18:56:11+00:00","twitter_card":"summary_large_image","twitter_misc":{"Tempo di lettura stimato":"1 minuto"},"schema":{"@context":"https:\/\/schema.org","@graph":[{"@type":"WebPage","@id":"https:\/\/www.borgoleterrazze.com\/it","url":"https:\/\/www.borgoleterrazze.com\/it","name":"Borgo Le Terrazze | What does it mean to be all Lake view?","isPartOf":{"@id":"https:\/\/www.borgoleterrazze.com\/it#website"},"datePublished":"2023-01-11T08:45:32+00:00","dateModified":"2025-10-30T18:56:11+00:00","description":"Nel nostro B&B \"Hotel Borgo Le Terrazze\" ciascuna camera e appartamento ha la vista sul lago di Como. La piscina a sfioro, il garage, il parcheggio..","breadcrumb":{"@id":"https:\/\/www.borgoleterrazze.com\/it#breadcrumb"},"inLanguage":"it-IT","potentialAction":[{"@type":"ReadAction","target":["https:\/\/www.borgoleterrazze.com\/it"]}]},{"@type":"BreadcrumbList","@id":"https:\/\/www.borgoleterrazze.com\/it#breadcrumb","itemListElement":[{"@type":"ListItem","position":1,"name":"Home","item":"https:\/\/www.borgoleterrazze.com\/it"},{"@type":"ListItem","position":2,"name":"Homepage"}]},{"@type":"WebSite","@id":"https:\/\/www.borgoleterrazze.com\/it#website","url":"https:\/\/www.borgoleterrazze.com\/it","name":"Borgo Le Terrazze","description":"","publisher":{"@id":"https:\/\/www.borgoleterrazze.com\/it#organization"},"potentialAction":[{"@type":"SearchAction","target":{"@type":"EntryPoint","urlTemplate":"https:\/\/www.borgoleterrazze.com\/it?s={search_term_string}"},"query-input":{"@type":"PropertyValueSpecification","valueRequired":true,"valueName":"search_term_string"}}],"inLanguage":"it-IT"},{"@type":"Organization","@id":"https:\/\/www.borgoleterrazze.com\/it#organization","name":"Borgo Le Terrazze","url":"https:\/\/www.borgoleterrazze.com\/it","logo":{"@type":"ImageObject","inLanguage":"it-IT","@id":"https:\/\/www.borgoleterrazze.com\/it#\/schema\/logo\/image\/","url":"http:\/\/www.borgoleterrazze.com\/wp-content\/uploads\/2023\/01\/logo.png","contentUrl":"http:\/\/www.borgoleterrazze.com\/wp-content\/uploads\/2023\/01\/logo.png","width":351,"height":54,"caption":"Borgo Le Terrazze"},"image":{"@id":"https:\/\/www.borgoleterrazze.com\/it#\/schema\/logo\/image\/"}}]}},"_links":{"self":[{"href":"https:\/\/www.borgoleterrazze.com\/it\/wp-json\/wp\/v2\/pages\/8","targetHints":{"allow":["GET"]}}],"collection":[{"href":"https:\/\/www.borgoleterrazze.com\/it\/wp-json\/wp\/v2\/pages"}],"about":[{"href":"https:\/\/www.borgoleterrazze.com\/it\/wp-json\/wp\/v2\/types\/page"}],"author":[{"embeddable":true,"href":"https:\/\/www.borgoleterrazze.com\/it\/wp-json\/wp\/v2\/users\/1"}],"replies":[{"embeddable":true,"href":"https:\/\/www.borgoleterrazze.com\/it\/wp-json\/wp\/v2\/comments?post=8"}],"version-history":[{"count":100,"href":"https:\/\/www.borgoleterrazze.com\/it\/wp-json\/wp\/v2\/pages\/8\/revisions"}],"predecessor-version":[{"id":2329,"href":"https:\/\/www.borgoleterrazze.com\/it\/wp-json\/wp\/v2\/pages\/8\/revisions\/2329"}],"wp:attachment":[{"href":"https:\/\/www.borgoleterrazze.com\/it\/wp-json\/wp\/v2\/media?parent=8"}],"curies":[{"name":"wp","href":"https:\/\/api.w.org\/{rel}","templated":true}]}}